{"id":1347,"date":"2025-09-23T09:57:57","date_gmt":"2025-09-23T06:57:57","guid":{"rendered":"https:\/\/baykarkumas.com\/?page_id=1347"},"modified":"2025-10-28T10:26:12","modified_gmt":"2025-10-28T07:26:12","slug":"about-baykar-kumas","status":"publish","type":"page","link":"https:\/\/baykarkumas.com\/en\/about-baykar-kumas\/","title":{"rendered":"About Us"},"content":{"rendered":"\t\t<div data-elementor-type=\"wp-page\" data-elementor-id=\"1347\" class=\"elementor elementor-1347 elementor-846\">\n\t\t\t\t\t\t\t\t\t<section class=\"elementor-section elementor-top-section elementor-element elementor-element-51b11fbf elementor-section-boxed elementor-section-height-default elementor-section-height-default\" data-id=\"51b11fbf\" data-element_type=\"section\" data-settings=\"{&quot;background_background&quot;:&quot;classic&quot;}\">\n\t\t\t\t\t\t\t<div class=\"elementor-background-overlay\"><\/div>\n\t\t\t\t\t\t\t<div class=\"elementor-container elementor-column-gap-default\">\n\t\t\t\t\t<div class=\"elementor-column elementor-col-100 elementor-top-column elementor-element elementor-element-421b330a\" data-id=\"421b330a\" data-element_type=\"column\">\n\t\t\t<div class=\"elementor-widget-wrap elementor-element-populated\">\n\t\t\t\t\t\t\t\t<section class=\"elementor-section elementor-inner-section elementor-element elementor-element-2a2c3edd elementor-section-boxed elementor-section-height-default elementor-section-height-default\" data-id=\"2a2c3edd\" data-element_type=\"section\">\n\t\t\t\t\t\t<div class=\"elementor-container elementor-column-gap-default\">\n\t\t\t\t\t<div class=\"elementor-column elementor-col-100 elementor-inner-column elementor-element elementor-element-7a8bfd94\" data-id=\"7a8bfd94\" data-element_type=\"column\" data-settings=\"{&quot;background_background&quot;:&quot;classic&quot;}\">\n\t\t\t<div class=\"elementor-widget-wrap elementor-element-populated\">\n\t\t\t\t\t\t\t\t<div class=\"elementor-element elementor-element-311d0849 elementor-widget elementor-widget-heading\" data-id=\"311d0849\" data-element_type=\"widget\" data-widget_type=\"heading.default\">\n\t\t\t\t<div class=\"elementor-widget-container\">\n\t\t\t<style>\/*! elementor - v3.15.0 - 09-08-2023 *\/\n.elementor-heading-title{padding:0;margin:0;line-height:1}.elementor-widget-heading .elementor-heading-title[class*=elementor-size-]>a{color:inherit;font-size:inherit;line-height:inherit}.elementor-widget-heading .elementor-heading-title.elementor-size-small{font-size:15px}.elementor-widget-heading .elementor-heading-title.elementor-size-medium{font-size:19px}.elementor-widget-heading .elementor-heading-title.elementor-size-large{font-size:29px}.elementor-widget-heading .elementor-heading-title.elementor-size-xl{font-size:39px}.elementor-widget-heading .elementor-heading-title.elementor-size-xxl{font-size:59px}<\/style><h2 class=\"elementor-heading-title elementor-size-default\">About Us<\/h2>\t\t<\/div>\n\t\t\t\t<\/div>\n\t\t\t\t\t<\/div>\n\t\t<\/div>\n\t\t\t\t\t\t\t<\/div>\n\t\t<\/section>\n\t\t\t\t\t<\/div>\n\t\t<\/div>\n\t\t\t\t\t\t\t<\/div>\n\t\t<\/section>\n\t\t\t\t<section class=\"elementor-section elementor-top-section elementor-element elementor-element-1f718097 elementor-section-boxed elementor-section-height-default elementor-section-height-default\" data-id=\"1f718097\" data-element_type=\"section\">\n\t\t\t\t\t\t<div class=\"elementor-container elementor-column-gap-default\">\n\t\t\t\t\t<div class=\"elementor-column elementor-col-50 elementor-top-column elementor-element elementor-element-69c6c406\" data-id=\"69c6c406\" data-element_type=\"column\">\n\t\t\t<div class=\"elementor-widget-wrap elementor-element-populated\">\n\t\t\t\t\t\t\t\t<div class=\"elementor-element elementor-element-117378d8 elementor-absolute elementor-widget-tablet__width-auto elementor-widget__width-initial elementor-widget elementor-widget-image\" data-id=\"117378d8\" data-element_type=\"widget\" data-settings=\"{&quot;_position&quot;:&quot;absolute&quot;}\" data-widget_type=\"image.default\">\n\t\t\t\t<div class=\"elementor-widget-container\">\n\t\t\t<style>\/*! elementor - v3.15.0 - 09-08-2023 *\/\n.elementor-widget-image{text-align:center}.elementor-widget-image a{display:inline-block}.elementor-widget-image a img[src$=\".svg\"]{width:48px}.elementor-widget-image img{vertical-align:middle;display:inline-block}<\/style>\t\t\t\t\t\t\t\t\t\t\t\t<img decoding=\"async\" src=\"https:\/\/baykarkumas.com\/wp-content\/uploads\/elementor\/thumbs\/baykar3-qak3yhpd7svosodnft4o61zfbkgbrf3v0fk0144i68.jpg\" title=\"baykar3\" alt=\"baykar3\" loading=\"lazy\" \/>\t\t\t\t\t\t\t\t\t\t\t\t\t\t\t<\/div>\n\t\t\t\t<\/div>\n\t\t\t\t<div class=\"elementor-element elementor-element-5c7e86a elementor-widget__width-initial elementor-widget elementor-widget-image\" data-id=\"5c7e86a\" data-element_type=\"widget\" data-widget_type=\"image.default\">\n\t\t\t\t<div class=\"elementor-widget-container\">\n\t\t\t\t\t\t\t\t\t\t\t\t\t\t\t<img decoding=\"async\" width=\"1530\" height=\"2040\" src=\"https:\/\/baykarkumas.com\/wp-content\/uploads\/2023\/06\/baykar-kumas.jpg\" class=\"attachment-full size-full wp-image-114\" alt=\"\" srcset=\"https:\/\/baykarkumas.com\/wp-content\/uploads\/2023\/06\/baykar-kumas.jpg 1530w, https:\/\/baykarkumas.com\/wp-content\/uploads\/2023\/06\/baykar-kumas-225x300.jpg 225w, https:\/\/baykarkumas.com\/wp-content\/uploads\/2023\/06\/baykar-kumas-768x1024.jpg 768w, https:\/\/baykarkumas.com\/wp-content\/uploads\/2023\/06\/baykar-kumas-1152x1536.jpg 1152w\" sizes=\"(max-width: 1530px) 100vw, 1530px\" \/>\t\t\t\t\t\t\t\t\t\t\t\t\t\t\t<\/div>\n\t\t\t\t<\/div>\n\t\t\t\t\t<\/div>\n\t\t<\/div>\n\t\t\t\t<div class=\"elementor-column elementor-col-50 elementor-top-column elementor-element elementor-element-4355083e\" data-id=\"4355083e\" data-element_type=\"column\">\n\t\t\t<div class=\"elementor-widget-wrap elementor-element-populated\">\n\t\t\t\t\t\t\t\t<div class=\"elementor-element elementor-element-67606fdf animated-slow elementor-invisible elementor-widget elementor-widget-jkit_heading\" data-id=\"67606fdf\" data-element_type=\"widget\" id=\"hakkimizda\" data-settings=\"{&quot;_animation&quot;:&quot;fadeInRight&quot;}\" data-widget_type=\"jkit_heading.default\">\n\t\t\t\t<div class=\"elementor-widget-container\">\n\t\t\t<div  class=\"jeg-elementor-kit jkit-heading  align-left align-tablet- align-mobile- jeg_module___69ef4ca30a69e\" ><div class=\"heading-section-title  display-inline-block\"><h5 class=\"heading-title\"><\/h5><\/div><div class=\"heading-section-separator\"><div class=\"separator-wrapper style-solid\"><\/div><\/div><\/div>\t\t<\/div>\n\t\t\t\t<\/div>\n\t\t\t\t<div class=\"elementor-element elementor-element-1a8e4a0e elementor-widget elementor-widget-heading\" data-id=\"1a8e4a0e\" data-element_type=\"widget\" data-widget_type=\"heading.default\">\n\t\t\t\t<div class=\"elementor-widget-container\">\n\t\t\t<h2 class=\"elementor-heading-title elementor-size-default\">Every Thread Tells a Story, Every Fabric is a Masterpiece!<\/h2>\t\t<\/div>\n\t\t\t\t<\/div>\n\t\t\t\t<div class=\"elementor-element elementor-element-b8177ed elementor-widget elementor-widget-text-editor\" data-id=\"b8177ed\" data-element_type=\"widget\" data-widget_type=\"text-editor.default\">\n\t\t\t\t<div class=\"elementor-widget-container\">\n\t\t\t<style>\/*! elementor - v3.15.0 - 09-08-2023 *\/\n.elementor-widget-text-editor.elementor-drop-cap-view-stacked .elementor-drop-cap{background-color:#69727d;color:#fff}.elementor-widget-text-editor.elementor-drop-cap-view-framed .elementor-drop-cap{color:#69727d;border:3px solid;background-color:transparent}.elementor-widget-text-editor:not(.elementor-drop-cap-view-default) .elementor-drop-cap{margin-top:8px}.elementor-widget-text-editor:not(.elementor-drop-cap-view-default) .elementor-drop-cap-letter{width:1em;height:1em}.elementor-widget-text-editor .elementor-drop-cap{float:left;text-align:center;line-height:1;font-size:50px}.elementor-widget-text-editor .elementor-drop-cap-letter{display:inline-block}<\/style>\t\t\t\t<p data-start=\"130\" data-end=\"319\">With over 40 years of experience, <strong data-start=\"164\" data-end=\"180\">Baykar Kuma\u015f<\/strong>, a proud member of the Baykar family, operates at its modern production facility in Istanbul, maintaining the highest quality standards.<\/p><p data-start=\"321\" data-end=\"683\">Our respect for both people and nature forms the foundation of all our production processes. Equipped with state-of-the-art machinery and a fashion-driven infrastructure, we produce innovative and value-added fabrics for both the Turkish and global markets. Our professional team ensures excellence at every stage through meticulous quality control procedures.<\/p><p data-start=\"685\" data-end=\"1003\">Driven by our belief in the power of <strong data-start=\"722\" data-end=\"755\">quality, trust, and sincerity<\/strong>, we have established Baykar Kuma\u015f as a trusted name in the textile industry. With our sustainability certifications, we carry out environmentally friendly production in compliance with international export standards, free from harmful chemicals.<\/p><p data-start=\"1005\" data-end=\"1117\">Adopting an eco-conscious and responsible production approach for future generations remains our top priority.<\/p>\t\t\t\t\t\t<\/div>\n\t\t\t\t<\/div>\n\t\t\t\t\t<\/div>\n\t\t<\/div>\n\t\t\t\t\t\t\t<\/div>\n\t\t<\/section>\n\t\t\t\t<section class=\"elementor-section elementor-top-section elementor-element elementor-element-72b7c519 elementor-section-boxed elementor-section-height-default elementor-section-height-default\" data-id=\"72b7c519\" data-element_type=\"section\">\n\t\t\t\t\t\t\t<div class=\"elementor-background-overlay\"><\/div>\n\t\t\t\t\t\t\t<div class=\"elementor-container elementor-column-gap-default\">\n\t\t\t\t\t<div class=\"elementor-column elementor-col-100 elementor-top-column elementor-element elementor-element-7bcba687\" data-id=\"7bcba687\" data-element_type=\"column\">\n\t\t\t<div class=\"elementor-widget-wrap elementor-element-populated\">\n\t\t\t\t\t\t\t\t<div class=\"elementor-element elementor-element-786ccbac elementor-widget elementor-widget-text-editor\" data-id=\"786ccbac\" data-element_type=\"widget\" data-widget_type=\"text-editor.default\">\n\t\t\t\t<div class=\"elementor-widget-container\">\n\t\t\t\t\t\t\t<p>&#8220;Where Quality Meets Fabric, and Style Becomes Yours.&#8221;<\/p>\t\t\t\t\t\t<\/div>\n\t\t\t\t<\/div>\n\t\t\t\t\t<\/div>\n\t\t<\/div>\n\t\t\t\t\t\t\t<\/div>\n\t\t<\/section>\n\t\t\t\t<section class=\"elementor-section elementor-top-section elementor-element elementor-element-2004afaf elementor-section-boxed elementor-section-height-default elementor-section-height-default\" data-id=\"2004afaf\" data-element_type=\"section\" data-settings=\"{&quot;background_background&quot;:&quot;classic&quot;}\">\n\t\t\t\t\t\t\t<div class=\"elementor-background-overlay\"><\/div>\n\t\t\t\t\t\t\t<div class=\"elementor-container elementor-column-gap-default\">\n\t\t\t\t\t<div class=\"elementor-column elementor-col-100 elementor-top-column elementor-element elementor-element-22650f19\" data-id=\"22650f19\" data-element_type=\"column\">\n\t\t\t<div class=\"elementor-widget-wrap elementor-element-populated\">\n\t\t\t\t\t\t\t\t<div class=\"elementor-element elementor-element-3581791 elementor-widget elementor-widget-heading\" data-id=\"3581791\" data-element_type=\"widget\" data-widget_type=\"heading.default\">\n\t\t\t\t<div class=\"elementor-widget-container\">\n\t\t\t<h2 class=\"elementor-heading-title elementor-size-default\">We\u2019ll be happy to answer any questions you may have.<\/h2>\t\t<\/div>\n\t\t\t\t<\/div>\n\t\t\t\t<div class=\"elementor-element elementor-element-7322c95a elementor-position-left elementor-vertical-align-middle elementor-widget__width-auto elementor-view-default elementor-mobile-position-top elementor-widget elementor-widget-icon-box\" data-id=\"7322c95a\" data-element_type=\"widget\" data-widget_type=\"icon-box.default\">\n\t\t\t\t<div class=\"elementor-widget-container\">\n\t\t\t<link rel=\"stylesheet\" href=\"https:\/\/baykarkumas.com\/wp-content\/plugins\/elementor\/assets\/css\/widget-icon-box.min.css\">\t\t<div class=\"elementor-icon-box-wrapper\">\n\t\t\t\t\t\t<div class=\"elementor-icon-box-icon\">\n\t\t\t\t<a class=\"elementor-icon elementor-animation-\" href=\"tel:+90(212)%20655%2000%2088\">\n\t\t\t\t<i aria-hidden=\"true\" class=\"jki jki-phone1-light\"><\/i>\t\t\t\t<\/a>\n\t\t\t<\/div>\n\t\t\t\t\t\t<div class=\"elementor-icon-box-content\">\n\t\t\t\t<h4 class=\"elementor-icon-box-title\">\n\t\t\t\t\t<a href=\"tel:+90(212)%20655%2000%2088\" >\n\t\t\t\t\t\t\t\t\t\t\t<\/a>\n\t\t\t\t<\/h4>\n\t\t\t\t\t\t\t\t\t<p class=\"elementor-icon-box-description\">\n\t\t\t\t\t\t+90(212) 655 00 88\t\t\t\t\t<\/p>\n\t\t\t\t\t\t\t<\/div>\n\t\t<\/div>\n\t\t\t\t<\/div>\n\t\t\t\t<\/div>\n\t\t\t\t<div class=\"elementor-element elementor-element-6f667032 elementor-position-left elementor-vertical-align-middle elementor-widget__width-auto elementor-view-default elementor-mobile-position-top elementor-widget elementor-widget-icon-box\" data-id=\"6f667032\" data-element_type=\"widget\" data-widget_type=\"icon-box.default\">\n\t\t\t\t<div class=\"elementor-widget-container\">\n\t\t\t\t\t<div class=\"elementor-icon-box-wrapper\">\n\t\t\t\t\t\t<div class=\"elementor-icon-box-icon\">\n\t\t\t\t<span class=\"elementor-icon elementor-animation-\" >\n\t\t\t\t<i aria-hidden=\"true\" class=\"jki jki-email1-light\"><\/i>\t\t\t\t<\/span>\n\t\t\t<\/div>\n\t\t\t\t\t\t<div class=\"elementor-icon-box-content\">\n\t\t\t\t<h4 class=\"elementor-icon-box-title\">\n\t\t\t\t\t<span  >\n\t\t\t\t\t\t\t\t\t\t\t<\/span>\n\t\t\t\t<\/h4>\n\t\t\t\t\t\t\t\t\t<p class=\"elementor-icon-box-description\">\n\t\t\t\t\t\tinfo@baykarkumas.com\t\t\t\t\t<\/p>\n\t\t\t\t\t\t\t<\/div>\n\t\t<\/div>\n\t\t\t\t<\/div>\n\t\t\t\t<\/div>\n\t\t\t\t<div class=\"elementor-element elementor-element-73a3a4bd elementor-align-center elementor-mobile-align-center elementor-widget elementor-widget-button\" data-id=\"73a3a4bd\" data-element_type=\"widget\" data-widget_type=\"button.default\">\n\t\t\t\t<div class=\"elementor-widget-container\">\n\t\t\t\t\t<div class=\"elementor-button-wrapper\">\n\t\t\t<a class=\"elementor-button elementor-button-link elementor-size-sm elementor-animation-float\" href=\"https:\/\/baykarkumas.com\/iletisim\/\">\n\t\t\t\t\t\t<span class=\"elementor-button-content-wrapper\">\n\t\t\t\t\t\t<span class=\"elementor-button-text\">Contact<\/span>\n\t\t<\/span>\n\t\t\t\t\t<\/a>\n\t\t<\/div>\n\t\t\t\t<\/div>\n\t\t\t\t<\/div>\n\t\t\t\t\t<\/div>\n\t\t<\/div>\n\t\t\t\t\t\t\t<\/div>\n\t\t<\/section>\n\t\t\t\t\t\t\t<\/div>\n\t\t","protected":false},"excerpt":{"rendered":"<p>About Us Every Thread Tells a Story, Every Fabric is a Masterpiece! With over 40 years of experience, Baykar Kuma\u015f, a proud member of the Baykar family, operates at its modern production facility in Istanbul, maintaining the highest quality standards. Our respect for both people and nature forms the foundation of all our production processes. [&hellip;]<\/p>\n","protected":false},"author":2,"featured_media":0,"parent":0,"menu_order":0,"comment_status":"closed","ping_status":"closed","template":"elementor_header_footer","meta":{"footnotes":""},"class_list":["post-1347","page","type-page","status-publish","hentry"],"yoast_head":"<!-- This site is optimized with the Yoast SEO plugin v26.0 - https:\/\/yoast.com\/wordpress\/plugins\/seo\/ -->\n<title>About Us - Baykar Kuma\u015f - Sustainable Knitted Fabric Production &amp; Wholesale Solutions<\/title>\n<meta name=\"description\" content=\"Focusing on an eco-friendly and innovative approach, we aim to always offer the best fabric varieties. Baykar Kuma\u015f is your reliable solution partner for both export and domestic wholesale fabric needs.\" \/>\n<meta name=\"robots\" content=\"index, follow, max-snippet:-1, max-image-preview:large, max-video-preview:-1\" \/>\n<link rel=\"canonical\" href=\"https:\/\/baykarkumas.com\/en\/about-baykar-kumas\/\" \/>\n<meta property=\"og:locale\" content=\"en_US\" \/>\n<meta property=\"og:type\" content=\"article\" \/>\n<meta property=\"og:title\" content=\"About Us - Baykar Kuma\u015f - Sustainable Knitted Fabric Production &amp; Wholesale Solutions\" \/>\n<meta property=\"og:description\" content=\"Focusing on an eco-friendly and innovative approach, we aim to always offer the best fabric varieties. Baykar Kuma\u015f is your reliable solution partner for both export and domestic wholesale fabric needs.\" \/>\n<meta property=\"og:url\" content=\"https:\/\/baykarkumas.com\/en\/about-baykar-kumas\/\" \/>\n<meta property=\"og:site_name\" content=\"Baykar Kuma\u015f - Sustainable Knitted Fabric Production &amp; Wholesale Solutions\" \/>\n<meta property=\"article:modified_time\" content=\"2025-10-28T07:26:12+00:00\" \/>\n<meta property=\"og:image\" content=\"https:\/\/baykarkumas.com\/wp-content\/uploads\/elementor\/thumbs\/baykar3-qak3yhpd7svosodnft4o61zfbkgbrf3v0fk0144i68.jpg\" \/>\n<meta name=\"twitter:card\" content=\"summary_large_image\" \/>\n<meta name=\"twitter:label1\" content=\"Est. reading time\" \/>\n\t<meta name=\"twitter:data1\" content=\"2 minutes\" \/>\n<script type=\"application\/ld+json\" class=\"yoast-schema-graph\">{\"@context\":\"https:\/\/schema.org\",\"@graph\":[{\"@type\":\"WebPage\",\"@id\":\"https:\/\/baykarkumas.com\/en\/about-baykar-kumas\/\",\"url\":\"https:\/\/baykarkumas.com\/en\/about-baykar-kumas\/\",\"name\":\"About Us - Baykar Kuma\u015f - Sustainable Knitted Fabric Production &amp; Wholesale Solutions\",\"isPartOf\":{\"@id\":\"https:\/\/baykarkumas.com\/#website\"},\"primaryImageOfPage\":{\"@id\":\"https:\/\/baykarkumas.com\/en\/about-baykar-kumas\/#primaryimage\"},\"image\":{\"@id\":\"https:\/\/baykarkumas.com\/en\/about-baykar-kumas\/#primaryimage\"},\"thumbnailUrl\":\"https:\/\/baykarkumas.com\/wp-content\/uploads\/elementor\/thumbs\/baykar3-qak3yhpd7svosodnft4o61zfbkgbrf3v0fk0144i68.jpg\",\"datePublished\":\"2025-09-23T06:57:57+00:00\",\"dateModified\":\"2025-10-28T07:26:12+00:00\",\"description\":\"Focusing on an eco-friendly and innovative approach, we aim to always offer the best fabric varieties. Baykar Kuma\u015f is your reliable solution partner for both export and domestic wholesale fabric needs.\",\"breadcrumb\":{\"@id\":\"https:\/\/baykarkumas.com\/en\/about-baykar-kumas\/#breadcrumb\"},\"inLanguage\":\"en-US\",\"potentialAction\":[{\"@type\":\"ReadAction\",\"target\":[\"https:\/\/baykarkumas.com\/en\/about-baykar-kumas\/\"]}]},{\"@type\":\"ImageObject\",\"inLanguage\":\"en-US\",\"@id\":\"https:\/\/baykarkumas.com\/en\/about-baykar-kumas\/#primaryimage\",\"url\":\"https:\/\/baykarkumas.com\/wp-content\/uploads\/elementor\/thumbs\/baykar3-qak3yhpd7svosodnft4o61zfbkgbrf3v0fk0144i68.jpg\",\"contentUrl\":\"https:\/\/baykarkumas.com\/wp-content\/uploads\/elementor\/thumbs\/baykar3-qak3yhpd7svosodnft4o61zfbkgbrf3v0fk0144i68.jpg\"},{\"@type\":\"BreadcrumbList\",\"@id\":\"https:\/\/baykarkumas.com\/en\/about-baykar-kumas\/#breadcrumb\",\"itemListElement\":[{\"@type\":\"ListItem\",\"position\":1,\"name\":\"Anasayfa\",\"item\":\"https:\/\/baykarkumas.com\/en\/\"},{\"@type\":\"ListItem\",\"position\":2,\"name\":\"About Us\"}]},{\"@type\":\"WebSite\",\"@id\":\"https:\/\/baykarkumas.com\/#website\",\"url\":\"https:\/\/baykarkumas.com\/\",\"name\":\"Baykar Kuma\u015f - Toptan Kuma\u015f \u00c7e\u015fitleri ve S\u00fcrd\u00fcr\u00fclebilir Tekstil \u00dcretimi\",\"description\":\"Focusing on an eco-friendly and innovative approach, we aim to always offer the best fabric varieties. Baykar Kuma\u015f is your reliable solution partner for both export and domestic wholesale fabric needs.\",\"publisher\":{\"@id\":\"https:\/\/baykarkumas.com\/#organization\"},\"potentialAction\":[{\"@type\":\"SearchAction\",\"target\":{\"@type\":\"EntryPoint\",\"urlTemplate\":\"https:\/\/baykarkumas.com\/?s={search_term_string}\"},\"query-input\":{\"@type\":\"PropertyValueSpecification\",\"valueRequired\":true,\"valueName\":\"search_term_string\"}}],\"inLanguage\":\"en-US\"},{\"@type\":\"Organization\",\"@id\":\"https:\/\/baykarkumas.com\/#organization\",\"name\":\"Baykar Kuma\u015f - Toptan Kuma\u015f \u00c7e\u015fitleri ve S\u00fcrd\u00fcr\u00fclebilir Tekstil \u00dcretimi\",\"url\":\"https:\/\/baykarkumas.com\/\",\"logo\":{\"@type\":\"ImageObject\",\"inLanguage\":\"en-US\",\"@id\":\"https:\/\/baykarkumas.com\/#\/schema\/logo\/image\/\",\"url\":\"https:\/\/baykarkumas.com\/wp-content\/uploads\/2023\/06\/logo350.jpg\",\"contentUrl\":\"https:\/\/baykarkumas.com\/wp-content\/uploads\/2023\/06\/logo350.jpg\",\"width\":350,\"height\":72,\"caption\":\"Baykar Kuma\u015f - Toptan Kuma\u015f \u00c7e\u015fitleri ve S\u00fcrd\u00fcr\u00fclebilir Tekstil \u00dcretimi\"},\"image\":{\"@id\":\"https:\/\/baykarkumas.com\/#\/schema\/logo\/image\/\"}}]}<\/script>\n<!-- \/ Yoast SEO plugin. -->","yoast_head_json":{"title":"About Us - Baykar Kuma\u015f - Sustainable Knitted Fabric Production &amp; Wholesale Solutions","description":"Focusing on an eco-friendly and innovative approach, we aim to always offer the best fabric varieties. Baykar Kuma\u015f is your reliable solution partner for both export and domestic wholesale fabric needs.","robots":{"index":"index","follow":"follow","max-snippet":"max-snippet:-1","max-image-preview":"max-image-preview:large","max-video-preview":"max-video-preview:-1"},"canonical":"https:\/\/baykarkumas.com\/en\/about-baykar-kumas\/","og_locale":"en_US","og_type":"article","og_title":"About Us - Baykar Kuma\u015f - Sustainable Knitted Fabric Production &amp; Wholesale Solutions","og_description":"Focusing on an eco-friendly and innovative approach, we aim to always offer the best fabric varieties. Baykar Kuma\u015f is your reliable solution partner for both export and domestic wholesale fabric needs.","og_url":"https:\/\/baykarkumas.com\/en\/about-baykar-kumas\/","og_site_name":"Baykar Kuma\u015f - Sustainable Knitted Fabric Production &amp; Wholesale Solutions","article_modified_time":"2025-10-28T07:26:12+00:00","og_image":[{"url":"https:\/\/baykarkumas.com\/wp-content\/uploads\/elementor\/thumbs\/baykar3-qak3yhpd7svosodnft4o61zfbkgbrf3v0fk0144i68.jpg","type":"","width":"","height":""}],"twitter_card":"summary_large_image","twitter_misc":{"Est. reading time":"2 minutes"},"schema":{"@context":"https:\/\/schema.org","@graph":[{"@type":"WebPage","@id":"https:\/\/baykarkumas.com\/en\/about-baykar-kumas\/","url":"https:\/\/baykarkumas.com\/en\/about-baykar-kumas\/","name":"About Us - Baykar Kuma\u015f - Sustainable Knitted Fabric Production &amp; Wholesale Solutions","isPartOf":{"@id":"https:\/\/baykarkumas.com\/#website"},"primaryImageOfPage":{"@id":"https:\/\/baykarkumas.com\/en\/about-baykar-kumas\/#primaryimage"},"image":{"@id":"https:\/\/baykarkumas.com\/en\/about-baykar-kumas\/#primaryimage"},"thumbnailUrl":"https:\/\/baykarkumas.com\/wp-content\/uploads\/elementor\/thumbs\/baykar3-qak3yhpd7svosodnft4o61zfbkgbrf3v0fk0144i68.jpg","datePublished":"2025-09-23T06:57:57+00:00","dateModified":"2025-10-28T07:26:12+00:00","description":"Focusing on an eco-friendly and innovative approach, we aim to always offer the best fabric varieties. Baykar Kuma\u015f is your reliable solution partner for both export and domestic wholesale fabric needs.","breadcrumb":{"@id":"https:\/\/baykarkumas.com\/en\/about-baykar-kumas\/#breadcrumb"},"inLanguage":"en-US","potentialAction":[{"@type":"ReadAction","target":["https:\/\/baykarkumas.com\/en\/about-baykar-kumas\/"]}]},{"@type":"ImageObject","inLanguage":"en-US","@id":"https:\/\/baykarkumas.com\/en\/about-baykar-kumas\/#primaryimage","url":"https:\/\/baykarkumas.com\/wp-content\/uploads\/elementor\/thumbs\/baykar3-qak3yhpd7svosodnft4o61zfbkgbrf3v0fk0144i68.jpg","contentUrl":"https:\/\/baykarkumas.com\/wp-content\/uploads\/elementor\/thumbs\/baykar3-qak3yhpd7svosodnft4o61zfbkgbrf3v0fk0144i68.jpg"},{"@type":"BreadcrumbList","@id":"https:\/\/baykarkumas.com\/en\/about-baykar-kumas\/#breadcrumb","itemListElement":[{"@type":"ListItem","position":1,"name":"Anasayfa","item":"https:\/\/baykarkumas.com\/en\/"},{"@type":"ListItem","position":2,"name":"About Us"}]},{"@type":"WebSite","@id":"https:\/\/baykarkumas.com\/#website","url":"https:\/\/baykarkumas.com\/","name":"Baykar Kuma\u015f - Toptan Kuma\u015f \u00c7e\u015fitleri ve S\u00fcrd\u00fcr\u00fclebilir Tekstil \u00dcretimi","description":"Focusing on an eco-friendly and innovative approach, we aim to always offer the best fabric varieties. Baykar Kuma\u015f is your reliable solution partner for both export and domestic wholesale fabric needs.","publisher":{"@id":"https:\/\/baykarkumas.com\/#organization"},"potentialAction":[{"@type":"SearchAction","target":{"@type":"EntryPoint","urlTemplate":"https:\/\/baykarkumas.com\/?s={search_term_string}"},"query-input":{"@type":"PropertyValueSpecification","valueRequired":true,"valueName":"search_term_string"}}],"inLanguage":"en-US"},{"@type":"Organization","@id":"https:\/\/baykarkumas.com\/#organization","name":"Baykar Kuma\u015f - Toptan Kuma\u015f \u00c7e\u015fitleri ve S\u00fcrd\u00fcr\u00fclebilir Tekstil \u00dcretimi","url":"https:\/\/baykarkumas.com\/","logo":{"@type":"ImageObject","inLanguage":"en-US","@id":"https:\/\/baykarkumas.com\/#\/schema\/logo\/image\/","url":"https:\/\/baykarkumas.com\/wp-content\/uploads\/2023\/06\/logo350.jpg","contentUrl":"https:\/\/baykarkumas.com\/wp-content\/uploads\/2023\/06\/logo350.jpg","width":350,"height":72,"caption":"Baykar Kuma\u015f - Toptan Kuma\u015f \u00c7e\u015fitleri ve S\u00fcrd\u00fcr\u00fclebilir Tekstil \u00dcretimi"},"image":{"@id":"https:\/\/baykarkumas.com\/#\/schema\/logo\/image\/"}}]}},"_links":{"self":[{"href":"https:\/\/baykarkumas.com\/en\/wp-json\/wp\/v2\/pages\/1347","targetHints":{"allow":["GET"]}}],"collection":[{"href":"https:\/\/baykarkumas.com\/en\/wp-json\/wp\/v2\/pages"}],"about":[{"href":"https:\/\/baykarkumas.com\/en\/wp-json\/wp\/v2\/types\/page"}],"author":[{"embeddable":true,"href":"https:\/\/baykarkumas.com\/en\/wp-json\/wp\/v2\/users\/2"}],"replies":[{"embeddable":true,"href":"https:\/\/baykarkumas.com\/en\/wp-json\/wp\/v2\/comments?post=1347"}],"version-history":[{"count":5,"href":"https:\/\/baykarkumas.com\/en\/wp-json\/wp\/v2\/pages\/1347\/revisions"}],"predecessor-version":[{"id":1354,"href":"https:\/\/baykarkumas.com\/en\/wp-json\/wp\/v2\/pages\/1347\/revisions\/1354"}],"wp:attachment":[{"href":"https:\/\/baykarkumas.com\/en\/wp-json\/wp\/v2\/media?parent=1347"}],"curies":[{"name":"wp","href":"https:\/\/api.w.org\/{rel}","templated":true}]}}